{"id":27,"date":"2023-09-06T14:47:50","date_gmt":"2023-09-06T12:47:50","guid":{"rendered":"https:\/\/xn--dronededme-ybb.fr\/?page_id=27"},"modified":"2024-08-05T16:40:29","modified_gmt":"2024-08-05T14:40:29","slug":"photogrammetrie","status":"publish","type":"page","link":"https:\/\/droneded\u00f4me.fr\/index.php\/photogrammetrie\/","title":{"rendered":"PHOTOGRAMMETRIE"},"content":{"rendered":"\n<h3 class=\"wp-block-heading has-text-align-center has-foreground-color has-text-color\"><strong>PHOTOGRAMMETRIE<\/strong><\/h3>\n\n\n\n<div class=\"wp-block-columns alignwide are-vertically-aligned-top is-layout-flex wp-container-core-columns-is-layout-28f84493 wp-block-columns-is-layout-flex\">\n<div class=\"wp-block-column is-layout-flow wp-block-column-is-layout-flow\" style=\"flex-basis:50%\">\n<figure class=\"wp-block-image size-large is-resized\"><img loading=\"lazy\" decoding=\"async\" width=\"1024\" height=\"981\" src=\"https:\/\/droneded\u00f4me.fr\/wp-content\/uploads\/2024\/01\/Capture-decran-2023-12-18-113709-1024x981.png\" alt=\"\" class=\"wp-image-592\" style=\"width:590px;height:410px\" srcset=\"https:\/\/droneded\u00f4me.fr\/wp-content\/uploads\/2024\/01\/Capture-decran-2023-12-18-113709-1024x981.png 1024w, https:\/\/droneded\u00f4me.fr\/wp-content\/uploads\/2024\/01\/Capture-decran-2023-12-18-113709-300x287.png 300w, https:\/\/droneded\u00f4me.fr\/wp-content\/uploads\/2024\/01\/Capture-decran-2023-12-18-113709-768x736.png 768w, https:\/\/droneded\u00f4me.fr\/wp-content\/uploads\/2024\/01\/Capture-decran-2023-12-18-113709-1536x1472.png 1536w, https:\/\/droneded\u00f4me.fr\/wp-content\/uploads\/2024\/01\/Capture-decran-2023-12-18-113709.png 1652w\" sizes=\"auto, (max-width: 1024px) 100vw, 1024px\" \/><figcaption class=\"wp-element-caption\">terrain 10 Hectares et courbes de niveau<\/figcaption><\/figure>\n\n\n\n<figure class=\"wp-block-image size-large is-resized\"><img loading=\"lazy\" decoding=\"async\" width=\"1024\" height=\"598\" src=\"https:\/\/droneded\u00f4me.fr\/wp-content\/uploads\/2024\/07\/Capture-decran-2024-06-30-091611-1-1024x598.png\" alt=\"\" class=\"wp-image-660\" style=\"width:593px;height:412px\" srcset=\"https:\/\/droneded\u00f4me.fr\/wp-content\/uploads\/2024\/07\/Capture-decran-2024-06-30-091611-1-1024x598.png 1024w, https:\/\/droneded\u00f4me.fr\/wp-content\/uploads\/2024\/07\/Capture-decran-2024-06-30-091611-1-300x175.png 300w, https:\/\/droneded\u00f4me.fr\/wp-content\/uploads\/2024\/07\/Capture-decran-2024-06-30-091611-1-768x448.png 768w, https:\/\/droneded\u00f4me.fr\/wp-content\/uploads\/2024\/07\/Capture-decran-2024-06-30-091611-1-1536x896.png 1536w, https:\/\/droneded\u00f4me.fr\/wp-content\/uploads\/2024\/07\/Capture-decran-2024-06-30-091611-1-2048x1195.png 2048w\" sizes=\"auto, (max-width: 1024px) 100vw, 1024px\" \/><figcaption class=\"wp-element-caption\">terrain 75 Hectares mod\u00e8le 3D<\/figcaption><\/figure>\n\n\n\n<figure class=\"wp-block-image size-large is-resized\"><img loading=\"lazy\" decoding=\"async\" width=\"1024\" height=\"687\" src=\"https:\/\/droneded\u00f4me.fr\/wp-content\/uploads\/2024\/07\/Capture-decran-2024-06-30-091132-1024x687.png\" alt=\"\" class=\"wp-image-658\" style=\"width:593px;height:412px\" srcset=\"https:\/\/droneded\u00f4me.fr\/wp-content\/uploads\/2024\/07\/Capture-decran-2024-06-30-091132-1024x687.png 1024w, https:\/\/droneded\u00f4me.fr\/wp-content\/uploads\/2024\/07\/Capture-decran-2024-06-30-091132-300x201.png 300w, https:\/\/droneded\u00f4me.fr\/wp-content\/uploads\/2024\/07\/Capture-decran-2024-06-30-091132-768x515.png 768w, https:\/\/droneded\u00f4me.fr\/wp-content\/uploads\/2024\/07\/Capture-decran-2024-06-30-091132-1536x1030.png 1536w, https:\/\/droneded\u00f4me.fr\/wp-content\/uploads\/2024\/07\/Capture-decran-2024-06-30-091132-2048x1373.png 2048w\" sizes=\"auto, (max-width: 1024px) 100vw, 1024px\" \/><figcaption class=\"wp-element-caption\">Mod\u00e8le num\u00e9rique d&rsquo;\u00e9l\u00e9vation:MNE<\/figcaption><\/figure>\n\n\n\n<figure class=\"wp-block-image size-large is-resized\"><img loading=\"lazy\" decoding=\"async\" width=\"1024\" height=\"542\" src=\"https:\/\/droneded\u00f4me.fr\/wp-content\/uploads\/2024\/06\/Capture-decran-2024-01-10-132524-1024x542.png\" alt=\"\" class=\"wp-image-648\" style=\"width:593px;height:412px\" srcset=\"https:\/\/droneded\u00f4me.fr\/wp-content\/uploads\/2024\/06\/Capture-decran-2024-01-10-132524-1024x542.png 1024w, https:\/\/droneded\u00f4me.fr\/wp-content\/uploads\/2024\/06\/Capture-decran-2024-01-10-132524-300x159.png 300w, https:\/\/droneded\u00f4me.fr\/wp-content\/uploads\/2024\/06\/Capture-decran-2024-01-10-132524-768x407.png 768w, https:\/\/droneded\u00f4me.fr\/wp-content\/uploads\/2024\/06\/Capture-decran-2024-01-10-132524-1536x813.png 1536w, https:\/\/droneded\u00f4me.fr\/wp-content\/uploads\/2024\/06\/Capture-decran-2024-01-10-132524-2048x1084.png 2048w\" sizes=\"auto, (max-width: 1024px) 100vw, 1024px\" \/><figcaption class=\"wp-element-caption\">Mod\u00e9lisation Chateau<\/figcaption><\/figure>\n\n\n\n<figure class=\"wp-block-image size-large is-resized\"><img loading=\"lazy\" decoding=\"async\" width=\"1024\" height=\"707\" src=\"https:\/\/droneded\u00f4me.fr\/wp-content\/uploads\/2024\/01\/Capture-decran-2023-12-20-065100-1024x707.png\" alt=\"\" class=\"wp-image-593\" style=\"width:593px;height:412px\" srcset=\"https:\/\/droneded\u00f4me.fr\/wp-content\/uploads\/2024\/01\/Capture-decran-2023-12-20-065100-1024x707.png 1024w, https:\/\/droneded\u00f4me.fr\/wp-content\/uploads\/2024\/01\/Capture-decran-2023-12-20-065100-300x207.png 300w, https:\/\/droneded\u00f4me.fr\/wp-content\/uploads\/2024\/01\/Capture-decran-2023-12-20-065100-768x531.png 768w, https:\/\/droneded\u00f4me.fr\/wp-content\/uploads\/2024\/01\/Capture-decran-2023-12-20-065100-1536x1061.png 1536w, https:\/\/droneded\u00f4me.fr\/wp-content\/uploads\/2024\/01\/Capture-decran-2023-12-20-065100.png 2047w\" sizes=\"auto, (max-width: 1024px) 100vw, 1024px\" \/><figcaption class=\"wp-element-caption\">MNE et courbes de niveau<\/figcaption><\/figure>\n\n\n\n<figure class=\"wp-block-image size-full is-resized\"><img loading=\"lazy\" decoding=\"async\" width=\"2304\" height=\"811\" src=\"https:\/\/droneded\u00f4me.fr\/wp-content\/uploads\/2023\/09\/Capture-decran-2023-09-04-104603.png\" alt=\"\" class=\"wp-image-199\" style=\"width:593px;height:412px\" srcset=\"https:\/\/droneded\u00f4me.fr\/wp-content\/uploads\/2023\/09\/Capture-decran-2023-09-04-104603.png 2304w, https:\/\/droneded\u00f4me.fr\/wp-content\/uploads\/2023\/09\/Capture-decran-2023-09-04-104603-300x106.png 300w, https:\/\/droneded\u00f4me.fr\/wp-content\/uploads\/2023\/09\/Capture-decran-2023-09-04-104603-1024x360.png 1024w, https:\/\/droneded\u00f4me.fr\/wp-content\/uploads\/2023\/09\/Capture-decran-2023-09-04-104603-768x270.png 768w, https:\/\/droneded\u00f4me.fr\/wp-content\/uploads\/2023\/09\/Capture-decran-2023-09-04-104603-1536x541.png 1536w, https:\/\/droneded\u00f4me.fr\/wp-content\/uploads\/2023\/09\/Capture-decran-2023-09-04-104603-2048x721.png 2048w\" sizes=\"auto, (max-width: 2304px) 100vw, 2304px\" \/><figcaption class=\"wp-element-caption\">Exemple de prise de vue vol automatis\u00e9<\/figcaption><\/figure>\n\n\n\n<div class=\"wp-block-columns is-layout-flex wp-container-core-columns-is-layout-28f84493 wp-block-columns-is-layout-flex\">\n<div class=\"wp-block-column is-layout-flow wp-block-column-is-layout-flow\" style=\"flex-basis:100%\">\n<figure class=\"wp-block-image size-large\"><img loading=\"lazy\" decoding=\"async\" width=\"1024\" height=\"320\" src=\"https:\/\/droneded\u00f4me.fr\/wp-content\/uploads\/2023\/10\/c1eed0629f9100ac6fcd4415f96181eb-1024x320.jpg\" alt=\"\" class=\"wp-image-406\" srcset=\"https:\/\/droneded\u00f4me.fr\/wp-content\/uploads\/2023\/10\/c1eed0629f9100ac6fcd4415f96181eb-1024x320.jpg 1024w, https:\/\/droneded\u00f4me.fr\/wp-content\/uploads\/2023\/10\/c1eed0629f9100ac6fcd4415f96181eb-300x94.jpg 300w, https:\/\/droneded\u00f4me.fr\/wp-content\/uploads\/2023\/10\/c1eed0629f9100ac6fcd4415f96181eb-768x240.jpg 768w, https:\/\/droneded\u00f4me.fr\/wp-content\/uploads\/2023\/10\/c1eed0629f9100ac6fcd4415f96181eb-1536x480.jpg 1536w, https:\/\/droneded\u00f4me.fr\/wp-content\/uploads\/2023\/10\/c1eed0629f9100ac6fcd4415f96181eb.jpg 1920w\" sizes=\"auto, (max-width: 1024px) 100vw, 1024px\" \/><figcaption class=\"wp-element-caption\"><em><strong>DJI Mavic 3E<\/strong><\/em><\/figcaption><\/figure>\n<\/div>\n<\/div>\n<\/div>\n\n\n\n<div class=\"wp-block-column is-layout-flow wp-block-column-is-layout-flow\" style=\"padding-right:var(--wp--preset--spacing--20);padding-left:var(--wp--preset--spacing--20);font-size:9px;flex-basis:50%\">\n<p class=\"has-foreground-color has-text-color\"> Explorez le monde de la photogramm\u00e9trie par drone, une technologie avanc\u00e9e qui r\u00e9volutionne la cartographie, la mod\u00e9lisation 3D et la documentation des environnements. Gr\u00e2ce \u00e0 des images captur\u00e9es depuis les airs, les drones transforment la mani\u00e8re dont nous percevons et interagissons avec notre monde. D\u00e9couvrez les avantages incontestables de la photogramm\u00e9trie par drone.<\/p>\n\n\n\n<h2 class=\"wp-block-heading has-text-align-center has-foreground-color has-text-color\"><strong>La photogramm\u00e9trie<\/strong><\/h2>\n\n\n\n<p class=\"has-foreground-color has-text-color\"> C&rsquo;est une technique qui consiste \u00e0 reproduire une sc\u00e8ne en utilisant la parallaxe (Angle de deux axes optiques visant un m\u00eame objet) obtenue des images acquises selon des prises de vue diff\u00e9rentes (recopiant la vision st\u00e9r\u00e9oscopique humaine).<\/p>\n\n\n\n<h2 class=\"wp-block-heading has-text-align-center has-foreground-color has-text-color\"><strong>Ce proc\u00e9d\u00e9 permet:<\/strong><\/h2>\n\n\n\n<p class=\"has-foreground-color has-text-color\"> Les \u00e9tapes cl\u00e9s de la photogramm\u00e9trie incluent la cr\u00e9ation d&rsquo;un nuage de points, la g\u00e9n\u00e9ration d&rsquo;un maillage et le texturage (MNT\/MNS\/MNE)<\/p>\n\n\n\n<p class=\"has-foreground-color has-text-color\"> Un \u00ab\u00a0nuage de points\u00a0\u00bb est une collection de coordonn\u00e9es tridimensionnelles qui repr\u00e9sentent les positions spatiales de points caract\u00e9ristiques dans un espace en trois dimensions. Ces points peuvent \u00eatre obtenus \u00e0 partir de diverses sources, telles que des relev\u00e9s laser, des scanners 3D ou, comme mentionn\u00e9 pr\u00e9c\u00e9demment, \u00e0 partir de techniques de photogramm\u00e9trie.<\/p>\n\n\n\n<p class=\"has-foreground-color has-text-color\">Le \u00ab\u00a0maillage\u00a0\u00bb se r\u00e9f\u00e8re \u00e0 la repr\u00e9sentation 3D d&rsquo;une surface en utilisant des triangles interconnect\u00e9s. Lorsque l&rsquo;on parle du \u00ab\u00a0maillage du nuage dense\u00a0\u00bb, on fait r\u00e9f\u00e9rence au processus de cr\u00e9ation d&rsquo;une structure de maillage \u00e0 partir d&rsquo;un nuage de points denses, g\u00e9n\u00e9ralement obtenu \u00e0 partir de techniques de num\u00e9risation 3D, de photogramm\u00e9trie ou de Lidar.<\/p>\n\n\n\n<p class=\"has-foreground-color has-text-color\">Les termes \u00ab\u00a0texture 2D\u00a0\u00bb, \u00ab\u00a0texture 2.5D\u00a0\u00bb et \u00ab\u00a0texture 3D\u00a0\u00bb se r\u00e9f\u00e8rent \u00e0 diff\u00e9rentes mani\u00e8res de repr\u00e9senter la surface d&rsquo;un objet en fonction de sa dimensionnalit\u00e9. Chacune de ces repr\u00e9sentations texturales a des applications sp\u00e9cifiques dans divers domaines tels que la mod\u00e9lisation 3D, l&rsquo;animation, les jeux vid\u00e9o, la r\u00e9alit\u00e9 virtuelle, la cartographie, etc.<\/p>\n\n\n\n<h2 class=\"wp-block-heading has-text-align-center has-foreground-color has-text-color\"><strong>Et donc de cr\u00e9er<\/strong><\/h2>\n\n\n\n<p>En 2D:<strong>L&rsquo;orthophotographie<\/strong> est une technique qui permet de cr\u00e9er des images a\u00e9riennes ou satellitaires rectifi\u00e9es, c&rsquo;est-\u00e0-dire corrig\u00e9es pour les distorsions dues \u00e0 la perspective et au relief de la surface terrestre. Elle produit des images \u00e0 l&rsquo;\u00e9chelle, o\u00f9 chaque pixel repr\u00e9sente une surface constante au sol, ce qui en fait un outil pr\u00e9cieux pour diverses applications, notamment la cartographie, la surveillance environnementale, la planification urbaine et l&rsquo;analyse g\u00e9ospatiale.<\/p>\n\n\n\n<p class=\"has-foreground-color has-text-color\">En 3D:<strong>Un Mod\u00e8le Num\u00e9rique 3D (MNS)<\/strong> est une repr\u00e9sentation tridimensionnelle d&rsquo;un objet, d&rsquo;une zone ou d&rsquo;une sc\u00e8ne, cr\u00e9\u00e9e \u00e0 partir de donn\u00e9es num\u00e9riques. Un MNS (mod\u00e8le num\u00e9rique de surface) peut inclure diverses informations g\u00e9om\u00e9triques, telles que les coordonn\u00e9es spatiales des points, les contours des surfaces, les formes des objets et les relations spatiales entre les diff\u00e9rentes parties de l&rsquo;objet. La cr\u00e9ation d&rsquo;un Mod\u00e8le Num\u00e9rique 3D peut impliquer diff\u00e9rentes techniques de collecte et de traitement de donn\u00e9es dont la photogramm\u00e9trie fait partie<\/p>\n\n\n\n<p class=\"has-foreground-color has-text-color\">Enfin, elle permet de <strong>calculer des volumes et des surfaces<\/strong>: pour les carri\u00e8res (inventaire), surface de toiture, mesurer&#8230;bref quantifier pour pouvoir \u00e9tablir des devis.<\/p>\n\n\n\n<h2 class=\"wp-block-heading has-text-align-center has-foreground-color has-text-color\"><strong>Domaines d&rsquo;application<\/strong><\/h2>\n\n\n\n<ul class=\"wp-block-list has-foreground-color has-text-color\">\n<li>Am\u00e9nagement du territoire<\/li>\n\n\n\n<li>Urbanisme<\/li>\n\n\n\n<li>Patrimoine et architecture<\/li>\n\n\n\n<li>Arch\u00e9ologie<\/li>\n\n\n\n<li>G\u00e9ologie<\/li>\n\n\n\n<li>Assurance<\/li>\n\n\n\n<li>BTP\/G\u00e9nie civile<\/li>\n\n\n\n<li>Carri\u00e8res<\/li>\n\n\n\n<li>G\u00e9om\u00e8tre et topographie<\/li>\n<\/ul>\n<\/div>\n<\/div>\n\n\n\n<p><\/p>\n","protected":false},"excerpt":{"rendered":"<p>PHOTOGRAMMETRIE Explorez le monde de la photogramm\u00e9trie par drone, une technologie avanc\u00e9e qui r\u00e9volutionne la cartographie, la mod\u00e9lisation 3D et la documentation des environnements. Gr\u00e2ce \u00e0 des images captur\u00e9es depuis les airs, les drones transforment la mani\u00e8re dont nous percevons et interagissons avec notre monde. D\u00e9couvrez les avantages incontestables de la photogramm\u00e9trie par drone. La [&hellip;]<\/p>\n","protected":false},"author":1,"featured_media":0,"parent":0,"menu_order":0,"comment_status":"closed","ping_status":"closed","template":"","meta":{"footnotes":""},"class_list":["post-27","page","type-page","status-publish","hentry"],"_links":{"self":[{"href":"https:\/\/droneded\u00f4me.fr\/index.php\/wp-json\/wp\/v2\/pages\/27","targetHints":{"allow":["GET"]}}],"collection":[{"href":"https:\/\/droneded\u00f4me.fr\/index.php\/wp-json\/wp\/v2\/pages"}],"about":[{"href":"https:\/\/droneded\u00f4me.fr\/index.php\/wp-json\/wp\/v2\/types\/page"}],"author":[{"embeddable":true,"href":"https:\/\/droneded\u00f4me.fr\/index.php\/wp-json\/wp\/v2\/users\/1"}],"replies":[{"embeddable":true,"href":"https:\/\/droneded\u00f4me.fr\/index.php\/wp-json\/wp\/v2\/comments?post=27"}],"version-history":[{"count":40,"href":"https:\/\/droneded\u00f4me.fr\/index.php\/wp-json\/wp\/v2\/pages\/27\/revisions"}],"predecessor-version":[{"id":732,"href":"https:\/\/droneded\u00f4me.fr\/index.php\/wp-json\/wp\/v2\/pages\/27\/revisions\/732"}],"wp:attachment":[{"href":"https:\/\/droneded\u00f4me.fr\/index.php\/wp-json\/wp\/v2\/media?parent=27"}],"curies":[{"name":"wp","href":"https:\/\/api.w.org\/{rel}","templated":true}]}}