{"id":275,"date":"2023-10-18T22:08:42","date_gmt":"2023-10-18T20:08:42","guid":{"rendered":"https:\/\/droneded\u00f4me.fr\/?page_id=275"},"modified":"2024-08-05T15:59:53","modified_gmt":"2024-08-05T13:59:53","slug":"qui-suis-je-parcours-pro","status":"publish","type":"page","link":"https:\/\/droneded\u00f4me.fr\/index.php\/qui-suis-je-parcours-pro\/","title":{"rendered":"Qui suis je?&#8230;parcours PRO"},"content":{"rendered":"\n<p class=\"has-text-align-center has-foreground-color has-text-color\" style=\"font-size:42px\"><strong>QUI SUIS JE?&#8230;PARCOURS PRO<\/strong><\/p>\n\n\n\n<p class=\"has-foreground-color has-text-color\">Pur produit de l&rsquo;a\u00e9ronautique, je totalise pas moins de 25 ann\u00e9es consacr\u00e9es \u00e0 la maintenance avion et h\u00e9licopt\u00e8re. Voici un petit aper\u00e7us de la flotte d&rsquo;a\u00e9ronefs qui ont fait de moi ce que je suis aujourd&rsquo;hui et qui me permettent de transf\u00e9rer mes comp\u00e9tences acquises pour cette reconversion. Pour moi, c&rsquo;est une suite logique qui me fait passer de \u00ab\u00a0faire voler et voir voler\u00a0\u00bb \u00e0 Voler pour voir!<\/p>\n\n\n\n<p><\/p>\n\n\n\n<div class=\"wp-block-columns is-layout-flex wp-container-core-columns-is-layout-28f84493 wp-block-columns-is-layout-flex\">\n<div class=\"wp-block-column is-layout-flow wp-block-column-is-layout-flow\">\n<figure class=\"wp-block-image size-large is-resized\"><img loading=\"lazy\" decoding=\"async\" width=\"1024\" height=\"681\" src=\"https:\/\/droneded\u00f4me.fr\/wp-content\/uploads\/2023\/10\/DA00018383_Si-2-1024x681.webp\" alt=\"\" class=\"wp-image-366\" style=\"aspect-ratio:1.5036710719530102;width:592px;height:auto\" srcset=\"https:\/\/droneded\u00f4me.fr\/wp-content\/uploads\/2023\/10\/DA00018383_Si-2-1024x681.webp 1024w, https:\/\/droneded\u00f4me.fr\/wp-content\/uploads\/2023\/10\/DA00018383_Si-2-300x200.webp 300w, https:\/\/droneded\u00f4me.fr\/wp-content\/uploads\/2023\/10\/DA00018383_Si-2-768x511.webp 768w, https:\/\/droneded\u00f4me.fr\/wp-content\/uploads\/2023\/10\/DA00018383_Si-2-1536x1021.webp 1536w, https:\/\/droneded\u00f4me.fr\/wp-content\/uploads\/2023\/10\/DA00018383_Si-2.webp 1600w\" sizes=\"auto, (max-width: 1024px) 100vw, 1024px\" \/><\/figure>\n<\/div>\n\n\n\n<div class=\"wp-block-column is-layout-flow wp-block-column-is-layout-flow\">\n<p><strong><em>1992<\/em>&#8211;<em>1995<\/em><\/strong><\/p>\n\n\n\n<p class=\"has-foreground-color has-text-color\">D\u00e9but de carri\u00e8res dans la Marine Nationale Affect\u00e9 \u00e0 l&rsquo;escadrille 59S:Ecole de chasse embarqu\u00e9e sur ce superbe Super \u00e9tendard<\/p>\n\n\n\n<p class=\"has-foreground-color has-text-color\">Belle aventure qui me fera connaitre le porte avion Foch et Cl\u00e9menceau!<\/p>\n\n\n\n<p class=\"has-foreground-color has-text-color\">Patron d&rsquo;appareil ,chef de bord\u00e9 bref la vie du matelot!<\/p>\n\n\n\n<figure class=\"wp-block-image size-full is-resized\"><img loading=\"lazy\" decoding=\"async\" width=\"225\" height=\"225\" src=\"https:\/\/droneded\u00f4me.fr\/wp-content\/uploads\/2023\/10\/telechargement.jpeg\" alt=\"\" class=\"wp-image-369\" style=\"aspect-ratio:1;width:203px;height:auto\" srcset=\"https:\/\/droneded\u00f4me.fr\/wp-content\/uploads\/2023\/10\/telechargement.jpeg 225w, https:\/\/droneded\u00f4me.fr\/wp-content\/uploads\/2023\/10\/telechargement-150x150.jpeg 150w\" sizes=\"auto, (max-width: 225px) 100vw, 225px\" \/><\/figure>\n<\/div>\n<\/div>\n\n\n\n<div class=\"wp-block-columns is-layout-flex wp-container-core-columns-is-layout-28f84493 wp-block-columns-is-layout-flex\">\n<div class=\"wp-block-column is-layout-flow wp-block-column-is-layout-flow\">\n<figure class=\"wp-block-image size-full is-resized\"><img loading=\"lazy\" decoding=\"async\" width=\"612\" height=\"394\" src=\"https:\/\/droneded\u00f4me.fr\/wp-content\/uploads\/2023\/10\/istockphoto-1208857366-612x612-1.jpg\" alt=\"\" class=\"wp-image-371\" style=\"aspect-ratio:1.5532994923857868;width:592px;height:auto\" srcset=\"https:\/\/droneded\u00f4me.fr\/wp-content\/uploads\/2023\/10\/istockphoto-1208857366-612x612-1.jpg 612w, https:\/\/droneded\u00f4me.fr\/wp-content\/uploads\/2023\/10\/istockphoto-1208857366-612x612-1-300x193.jpg 300w\" sizes=\"auto, (max-width: 612px) 100vw, 612px\" \/><\/figure>\n<\/div>\n\n\n\n<div class=\"wp-block-column is-layout-flow wp-block-column-is-layout-flow\">\n<p><em><strong>2000-2009<\/strong><\/em><\/p>\n\n\n\n<p class=\"has-foreground-color has-text-color\">Toujours chez le m\u00eame fabricant Dassault, mes plus belles ann\u00e9es ont \u00e9t\u00e9 de travailler sur ces superbes machines;les \u00ab\u00a0Falcon\u00a0\u00bb.<\/p>\n\n\n\n<p class=\"has-foreground-color has-text-color\">Qualifi\u00e9 sur une large gamme F20,F50,F900ex comme celui ci, c&rsquo;est la cr\u00e8me de la cr\u00e8me et a mon point de vue le top du top des avions!<\/p>\n\n\n\n<p class=\"has-foreground-color has-text-color\">Atelier hydraulique, grosses et petites visites ,qualification moteur Honeywell c&rsquo;est gr\u00e2ce \u00e0 lui que je suis arriv\u00e9 \u00e0 clermont Ferrand en 2008 au service de Mr Michelin chez Michelin Air Service comme responsable de d\u00e9tachement.<\/p>\n\n\n\n<figure class=\"wp-block-image size-full is-resized\"><img loading=\"lazy\" decoding=\"async\" width=\"225\" height=\"225\" src=\"https:\/\/droneded\u00f4me.fr\/wp-content\/uploads\/2023\/10\/telechargement-1.jpeg\" alt=\"\" class=\"wp-image-370\" style=\"aspect-ratio:1;width:116px;height:auto\" srcset=\"https:\/\/droneded\u00f4me.fr\/wp-content\/uploads\/2023\/10\/telechargement-1.jpeg 225w, https:\/\/droneded\u00f4me.fr\/wp-content\/uploads\/2023\/10\/telechargement-1-150x150.jpeg 150w\" sizes=\"auto, (max-width: 225px) 100vw, 225px\" \/><\/figure>\n<\/div>\n<\/div>\n\n\n\n<div class=\"wp-block-columns is-layout-flex wp-container-core-columns-is-layout-28f84493 wp-block-columns-is-layout-flex\">\n<div class=\"wp-block-column is-layout-flow wp-block-column-is-layout-flow\">\n<div class=\"wp-block-cover is-light\" style=\"min-height:406px;aspect-ratio:unset;\"><span aria-hidden=\"true\" class=\"wp-block-cover__background has-background-dim-0 has-background-dim\"><\/span><img loading=\"lazy\" decoding=\"async\" width=\"2560\" height=\"1440\" class=\"wp-block-cover__image-background wp-image-617\" alt=\"\" src=\"https:\/\/droneded\u00f4me.fr\/wp-content\/uploads\/2024\/03\/ae96ee971356744b956f2214c5f00f3732dcddf9-scaled.jpg\" style=\"object-position:100% 57%\" data-object-fit=\"cover\" data-object-position=\"100% 57%\" srcset=\"https:\/\/droneded\u00f4me.fr\/wp-content\/uploads\/2024\/03\/ae96ee971356744b956f2214c5f00f3732dcddf9-scaled.jpg 2560w, https:\/\/droneded\u00f4me.fr\/wp-content\/uploads\/2024\/03\/ae96ee971356744b956f2214c5f00f3732dcddf9-300x169.jpg 300w, https:\/\/droneded\u00f4me.fr\/wp-content\/uploads\/2024\/03\/ae96ee971356744b956f2214c5f00f3732dcddf9-1024x576.jpg 1024w, https:\/\/droneded\u00f4me.fr\/wp-content\/uploads\/2024\/03\/ae96ee971356744b956f2214c5f00f3732dcddf9-768x432.jpg 768w, https:\/\/droneded\u00f4me.fr\/wp-content\/uploads\/2024\/03\/ae96ee971356744b956f2214c5f00f3732dcddf9-1536x864.jpg 1536w, https:\/\/droneded\u00f4me.fr\/wp-content\/uploads\/2024\/03\/ae96ee971356744b956f2214c5f00f3732dcddf9-2048x1152.jpg 2048w\" sizes=\"auto, (max-width: 2560px) 100vw, 2560px\" \/><div class=\"wp-block-cover__inner-container is-layout-flow wp-block-cover-is-layout-flow\">\n<p class=\"has-text-align-center has-large-font-size\"><\/p>\n<\/div><\/div>\n<\/div>\n\n\n\n<div class=\"wp-block-column is-layout-flow wp-block-column-is-layout-flow\">\n<p><em><strong>2009-2014<\/strong><\/em><\/p>\n\n\n\n<p class=\"has-foreground-color has-text-color\">Ensuite, toujours passionn\u00e9 pour ces belles machines et avant de passer aux voilures tournantes comme vous le verrez par la suite, j&rsquo;ai gout\u00e9 \u00e0 Air France HOP!<\/p>\n\n\n\n<p class=\"has-foreground-color has-text-color\">Qualifications obtenues: Embraer 135,145,170,190 et ATR <\/p>\n\n\n\n<p class=\"has-foreground-color has-text-color\">D\u00e9cision prise ,l&rsquo;aventure continuera dans les h\u00e9licopt\u00e8res (souhait de d\u00e9but de carri\u00e8re)<\/p>\n\n\n\n<p><\/p>\n\n\n\n<figure class=\"wp-block-image size-full is-resized\"><img loading=\"lazy\" decoding=\"async\" width=\"275\" height=\"183\" src=\"https:\/\/droneded\u00f4me.fr\/wp-content\/uploads\/2023\/10\/telechargement-2.jpeg\" alt=\"\" class=\"wp-image-375\" style=\"aspect-ratio:1.5027322404371584;width:252px;height:auto\"\/><\/figure>\n<\/div>\n<\/div>\n\n\n\n<p><\/p>\n\n\n\n<div class=\"wp-block-columns is-layout-flex wp-container-core-columns-is-layout-28f84493 wp-block-columns-is-layout-flex\">\n<div class=\"wp-block-column is-layout-flow wp-block-column-is-layout-flow\">\n<figure class=\"wp-block-image size-full\"><img loading=\"lazy\" decoding=\"async\" width=\"1000\" height=\"797\" src=\"https:\/\/droneded\u00f4me.fr\/wp-content\/uploads\/2023\/10\/face-au-super-puma-9bb7662f-80f4-4214-a475-eeed870bf992.jpg\" alt=\"\" class=\"wp-image-381\" srcset=\"https:\/\/droneded\u00f4me.fr\/wp-content\/uploads\/2023\/10\/face-au-super-puma-9bb7662f-80f4-4214-a475-eeed870bf992.jpg 1000w, https:\/\/droneded\u00f4me.fr\/wp-content\/uploads\/2023\/10\/face-au-super-puma-9bb7662f-80f4-4214-a475-eeed870bf992-300x239.jpg 300w, https:\/\/droneded\u00f4me.fr\/wp-content\/uploads\/2023\/10\/face-au-super-puma-9bb7662f-80f4-4214-a475-eeed870bf992-768x612.jpg 768w\" sizes=\"auto, (max-width: 1000px) 100vw, 1000px\" \/><\/figure>\n<\/div>\n\n\n\n<div class=\"wp-block-column is-layout-flow wp-block-column-is-layout-flow\">\n<p><em><strong>2014-2021<\/strong><\/em><\/p>\n\n\n\n<p class=\"has-foreground-color has-text-color\">Me voila donc ,changeant de registre \u00e0 retourner \u00e0 l&rsquo;\u00e9cole pour pouvoir travailler sur H\u00e9licopt\u00e8re;<\/p>\n\n\n\n<p class=\"has-foreground-color has-text-color\">Contr\u00f4leur qualit\u00e9 sur super puma \u00e0 Marseille\u2026<\/p>\n\n\n\n<p class=\"has-foreground-color has-text-color\">Technicien de maintenance chez H\u00e9li union \u00e0 paris sur AS332&#8230;<\/p>\n\n\n\n<p class=\"has-foreground-color has-text-color\">Technicien de maintenance NH90 retour \u00e0 Marseille<\/p>\n\n\n\n<p class=\"has-foreground-color has-text-color\">Technicien de maintenance enfin au 5eme RHC de Pau ,je finis par \u00eatre qualifi\u00e9 sur NH90<\/p>\n\n\n\n<p><\/p>\n\n\n\n<figure class=\"wp-block-image size-full is-resized\"><img loading=\"lazy\" decoding=\"async\" width=\"426\" height=\"118\" src=\"https:\/\/droneded\u00f4me.fr\/wp-content\/uploads\/2023\/10\/telechargement.png\" alt=\"\" class=\"wp-image-385\" style=\"aspect-ratio:3.610169491525424;width:466px;height:auto\" srcset=\"https:\/\/droneded\u00f4me.fr\/wp-content\/uploads\/2023\/10\/telechargement.png 426w, https:\/\/droneded\u00f4me.fr\/wp-content\/uploads\/2023\/10\/telechargement-300x83.png 300w\" sizes=\"auto, (max-width: 426px) 100vw, 426px\" \/><\/figure>\n<\/div>\n<\/div>\n\n\n\n<div class=\"wp-block-columns is-layout-flex wp-container-core-columns-is-layout-28f84493 wp-block-columns-is-layout-flex\">\n<div class=\"wp-block-column is-layout-flow wp-block-column-is-layout-flow\">\n<figure class=\"wp-block-image size-full is-resized\"><img loading=\"lazy\" decoding=\"async\" width=\"262\" height=\"192\" src=\"https:\/\/droneded\u00f4me.fr\/wp-content\/uploads\/2023\/10\/images-3.jpeg\" alt=\"\" class=\"wp-image-384\" style=\"aspect-ratio:1.3645833333333333;width:388px;height:auto\"\/><\/figure>\n<\/div>\n\n\n\n<div class=\"wp-block-column is-layout-flow wp-block-column-is-layout-flow\">\n<figure class=\"wp-block-image size-full is-resized\"><img loading=\"lazy\" decoding=\"async\" width=\"310\" height=\"163\" src=\"https:\/\/droneded\u00f4me.fr\/wp-content\/uploads\/2023\/10\/images-4.jpeg\" alt=\"\" class=\"wp-image-383\" style=\"aspect-ratio:1.901840490797546;width:390px;height:auto\" srcset=\"https:\/\/droneded\u00f4me.fr\/wp-content\/uploads\/2023\/10\/images-4.jpeg 310w, https:\/\/droneded\u00f4me.fr\/wp-content\/uploads\/2023\/10\/images-4-300x158.jpeg 300w\" sizes=\"auto, (max-width: 310px) 100vw, 310px\" \/><\/figure>\n<\/div>\n\n\n\n<div class=\"wp-block-column is-layout-flow wp-block-column-is-layout-flow\">\n<figure class=\"wp-block-image size-full is-resized\"><img loading=\"lazy\" decoding=\"async\" width=\"1000\" height=\"651\" src=\"https:\/\/droneded\u00f4me.fr\/wp-content\/uploads\/2023\/10\/l_caracal.jpg\" alt=\"\" class=\"wp-image-380\" style=\"aspect-ratio:1.5360983102918586;width:386px;height:auto\" srcset=\"https:\/\/droneded\u00f4me.fr\/wp-content\/uploads\/2023\/10\/l_caracal.jpg 1000w, https:\/\/droneded\u00f4me.fr\/wp-content\/uploads\/2023\/10\/l_caracal-300x195.jpg 300w, https:\/\/droneded\u00f4me.fr\/wp-content\/uploads\/2023\/10\/l_caracal-768x500.jpg 768w\" sizes=\"auto, (max-width: 1000px) 100vw, 1000px\" \/><\/figure>\n<\/div>\n<\/div>\n\n\n\n<p class=\"has-text-align-center has-foreground-color has-text-color\"><em><strong>2021-2023<\/strong> <\/em><\/p>\n\n\n\n<p class=\"has-text-align-center has-foreground-color has-text-color\">Ainsi et par la force des choses, Le temps est venu de se recentrer et de trouver l&rsquo;\u00e9quilibre: passion, famille, beau territoire et  bien \u00eatre&#8230;l&rsquo;id\u00e9e nait ,tous les moyens sont mobilis\u00e9s et la suite vous \u00eates venus la d\u00e9couvrir.<\/p>\n\n\n\n<p><\/p>\n\n\n\n<div class=\"wp-block-columns is-layout-flex wp-container-core-columns-is-layout-28f84493 wp-block-columns-is-layout-flex\">\n<div class=\"wp-block-column is-layout-flow wp-block-column-is-layout-flow\">\n<p class=\"has-text-align-center\"><\/p>\n\n\n\n<div class=\"wp-block-columns is-layout-flex wp-container-core-columns-is-layout-28f84493 wp-block-columns-is-layout-flex\">\n<div class=\"wp-block-column is-layout-flow wp-block-column-is-layout-flow\">\n<figure class=\"wp-block-image size-large is-resized\"><img loading=\"lazy\" decoding=\"async\" width=\"1024\" height=\"320\" src=\"https:\/\/droneded\u00f4me.fr\/wp-content\/uploads\/2023\/10\/c1eed0629f9100ac6fcd4415f96181eb-1024x320.jpg\" alt=\"\" class=\"wp-image-406\" style=\"aspect-ratio:2.678832116788321;width:391px;height:auto\" srcset=\"https:\/\/droneded\u00f4me.fr\/wp-content\/uploads\/2023\/10\/c1eed0629f9100ac6fcd4415f96181eb-1024x320.jpg 1024w, https:\/\/droneded\u00f4me.fr\/wp-content\/uploads\/2023\/10\/c1eed0629f9100ac6fcd4415f96181eb-300x94.jpg 300w, https:\/\/droneded\u00f4me.fr\/wp-content\/uploads\/2023\/10\/c1eed0629f9100ac6fcd4415f96181eb-768x240.jpg 768w, https:\/\/droneded\u00f4me.fr\/wp-content\/uploads\/2023\/10\/c1eed0629f9100ac6fcd4415f96181eb-1536x480.jpg 1536w, https:\/\/droneded\u00f4me.fr\/wp-content\/uploads\/2023\/10\/c1eed0629f9100ac6fcd4415f96181eb.jpg 1920w\" sizes=\"auto, (max-width: 1024px) 100vw, 1024px\" \/><\/figure>\n\n\n\n<figure class=\"wp-block-image size-full is-resized\"><img loading=\"lazy\" decoding=\"async\" width=\"300\" height=\"168\" src=\"https:\/\/droneded\u00f4me.fr\/wp-content\/uploads\/2023\/10\/images-6.jpeg\" alt=\"\" class=\"wp-image-407\" style=\"aspect-ratio:1.7857142857142858;width:393px;height:auto\"\/><\/figure>\n<\/div>\n\n\n\n<div class=\"wp-block-column is-layout-flow wp-block-column-is-layout-flow\">\n<figure class=\"wp-block-image size-full is-resized\"><img loading=\"lazy\" decoding=\"async\" width=\"400\" height=\"400\" src=\"https:\/\/droneded\u00f4me.fr\/wp-content\/uploads\/2023\/10\/DJI-Mavic-3-Thermal-vue-de-dessous.webp\" alt=\"\" class=\"wp-image-387\" style=\"aspect-ratio:1;width:390px;height:auto\" srcset=\"https:\/\/droneded\u00f4me.fr\/wp-content\/uploads\/2023\/10\/DJI-Mavic-3-Thermal-vue-de-dessous.webp 400w, https:\/\/droneded\u00f4me.fr\/wp-content\/uploads\/2023\/10\/DJI-Mavic-3-Thermal-vue-de-dessous-300x300.webp 300w, https:\/\/droneded\u00f4me.fr\/wp-content\/uploads\/2023\/10\/DJI-Mavic-3-Thermal-vue-de-dessous-150x150.webp 150w\" sizes=\"auto, (max-width: 400px) 100vw, 400px\" \/><\/figure>\n<\/div>\n\n\n\n<div class=\"wp-block-column is-layout-flow wp-block-column-is-layout-flow\">\n<figure class=\"wp-block-image size-full is-resized\"><img loading=\"lazy\" decoding=\"async\" width=\"225\" height=\"225\" src=\"https:\/\/droneded\u00f4me.fr\/wp-content\/uploads\/2023\/10\/telechargement-4.jpeg\" alt=\"\" class=\"wp-image-410\" style=\"aspect-ratio:1;width:387px;height:auto\" srcset=\"https:\/\/droneded\u00f4me.fr\/wp-content\/uploads\/2023\/10\/telechargement-4.jpeg 225w, https:\/\/droneded\u00f4me.fr\/wp-content\/uploads\/2023\/10\/telechargement-4-150x150.jpeg 150w\" sizes=\"auto, (max-width: 225px) 100vw, 225px\" \/><\/figure>\n<\/div>\n<\/div>\n<\/div>\n<\/div>\n\n\n\n<div class=\"wp-block-columns is-layout-flex wp-container-core-columns-is-layout-28f84493 wp-block-columns-is-layout-flex\">\n<div class=\"wp-block-column is-layout-flow wp-block-column-is-layout-flow\"><\/div>\n<\/div>\n\n\n\n<p class=\"has-text-align-center\"><em><strong>2024<\/strong><\/em><\/p>\n\n\n\n<p class=\"has-text-align-center\">PS:<strong>L&rsquo;aventure Air France HOP continue en m\u00eame temps que mon activit\u00e9 de t\u00e9l\u00e9pilote de drone!<\/strong><\/p>\n\n\n\n<p class=\"has-text-align-center\"><strong>Faire voler, voir voler et voler pour voir!<\/strong><\/p>\n\n\n\n<p class=\"has-text-align-center has-foreground-color has-text-color\">Je vous souhaites bonne visite de mon site et esp\u00e8re \u00e0 bient\u00f4t!<\/p>\n","protected":false},"excerpt":{"rendered":"<p>QUI SUIS JE?&#8230;PARCOURS PRO Pur produit de l&rsquo;a\u00e9ronautique, je totalise pas moins de 25 ann\u00e9es consacr\u00e9es \u00e0 la maintenance avion et h\u00e9licopt\u00e8re. Voici un petit aper\u00e7us de la flotte d&rsquo;a\u00e9ronefs qui ont fait de moi ce que je suis aujourd&rsquo;hui et qui me permettent de transf\u00e9rer mes comp\u00e9tences acquises pour cette reconversion. Pour moi, c&rsquo;est [&hellip;]<\/p>\n","protected":false},"author":1,"featured_media":0,"parent":0,"menu_order":0,"comment_status":"closed","ping_status":"closed","template":"","meta":{"footnotes":""},"class_list":["post-275","page","type-page","status-publish","hentry"],"_links":{"self":[{"href":"https:\/\/droneded\u00f4me.fr\/index.php\/wp-json\/wp\/v2\/pages\/275","targetHints":{"allow":["GET"]}}],"collection":[{"href":"https:\/\/droneded\u00f4me.fr\/index.php\/wp-json\/wp\/v2\/pages"}],"about":[{"href":"https:\/\/droneded\u00f4me.fr\/index.php\/wp-json\/wp\/v2\/types\/page"}],"author":[{"embeddable":true,"href":"https:\/\/droneded\u00f4me.fr\/index.php\/wp-json\/wp\/v2\/users\/1"}],"replies":[{"embeddable":true,"href":"https:\/\/droneded\u00f4me.fr\/index.php\/wp-json\/wp\/v2\/comments?post=275"}],"version-history":[{"count":24,"href":"https:\/\/droneded\u00f4me.fr\/index.php\/wp-json\/wp\/v2\/pages\/275\/revisions"}],"predecessor-version":[{"id":717,"href":"https:\/\/droneded\u00f4me.fr\/index.php\/wp-json\/wp\/v2\/pages\/275\/revisions\/717"}],"wp:attachment":[{"href":"https:\/\/droneded\u00f4me.fr\/index.php\/wp-json\/wp\/v2\/media?parent=275"}],"curies":[{"name":"wp","href":"https:\/\/api.w.org\/{rel}","templated":true}]}}