{"id":33,"date":"2023-09-06T14:50:32","date_gmt":"2023-09-06T12:50:32","guid":{"rendered":"https:\/\/xn--dronededme-ybb.fr\/?page_id=33"},"modified":"2024-08-05T16:43:37","modified_gmt":"2024-08-05T14:43:37","slug":"photo-video","status":"publish","type":"page","link":"https:\/\/droneded\u00f4me.fr\/index.php\/photo-video\/","title":{"rendered":"PHOTO &#038; VIDEO"},"content":{"rendered":"\n<h2 class=\"wp-block-heading has-text-align-center has-foreground-color has-text-color\"><strong>Photos &amp; Vid\u00e9os<\/strong><\/h2>\n\n\n\n<div class=\"wp-block-columns are-vertically-aligned-top is-layout-flex wp-container-core-columns-is-layout-28f84493 wp-block-columns-is-layout-flex\">\n<div class=\"wp-block-column is-layout-flow wp-block-column-is-layout-flow\" style=\"flex-basis:47%\">\n<figure class=\"wp-block-image size-full\"><img loading=\"lazy\" decoding=\"async\" width=\"1024\" height=\"1024\" src=\"https:\/\/droneded\u00f4me.fr\/wp-content\/uploads\/2023\/09\/lordaenima_a_drone_view_of_a_medieval_castle_513404d6-8cb5-4690-9b0f-dc1a5bda8f99.png\" alt=\"\" class=\"wp-image-236\" srcset=\"https:\/\/droneded\u00f4me.fr\/wp-content\/uploads\/2023\/09\/lordaenima_a_drone_view_of_a_medieval_castle_513404d6-8cb5-4690-9b0f-dc1a5bda8f99.png 1024w, https:\/\/droneded\u00f4me.fr\/wp-content\/uploads\/2023\/09\/lordaenima_a_drone_view_of_a_medieval_castle_513404d6-8cb5-4690-9b0f-dc1a5bda8f99-300x300.png 300w, https:\/\/droneded\u00f4me.fr\/wp-content\/uploads\/2023\/09\/lordaenima_a_drone_view_of_a_medieval_castle_513404d6-8cb5-4690-9b0f-dc1a5bda8f99-150x150.png 150w, https:\/\/droneded\u00f4me.fr\/wp-content\/uploads\/2023\/09\/lordaenima_a_drone_view_of_a_medieval_castle_513404d6-8cb5-4690-9b0f-dc1a5bda8f99-768x768.png 768w\" sizes=\"auto, (max-width: 1024px) 100vw, 1024px\" \/><\/figure>\n\n\n\n<p class=\"has-text-align-center\">patrimoine<\/p>\n\n\n\n<figure class=\"wp-block-image size-full\"><img loading=\"lazy\" decoding=\"async\" width=\"768\" height=\"768\" src=\"https:\/\/droneded\u00f4me.fr\/wp-content\/uploads\/2023\/09\/foret-768x768-1.png\" alt=\"\" class=\"wp-image-242\" srcset=\"https:\/\/droneded\u00f4me.fr\/wp-content\/uploads\/2023\/09\/foret-768x768-1.png 768w, https:\/\/droneded\u00f4me.fr\/wp-content\/uploads\/2023\/09\/foret-768x768-1-300x300.png 300w, https:\/\/droneded\u00f4me.fr\/wp-content\/uploads\/2023\/09\/foret-768x768-1-150x150.png 150w\" sizes=\"auto, (max-width: 768px) 100vw, 768px\" \/><\/figure>\n\n\n\n<p class=\"has-text-align-center\">forets<\/p>\n\n\n\n<figure class=\"wp-block-image size-full\"><img loading=\"lazy\" decoding=\"async\" width=\"1024\" height=\"1024\" src=\"https:\/\/droneded\u00f4me.fr\/wp-content\/uploads\/2023\/09\/lordaenima_a_drone_view_of_a_castle_4644f296-d275-43fb-b48b-e48990c57bd3.png\" alt=\"\" class=\"wp-image-57\" srcset=\"https:\/\/droneded\u00f4me.fr\/wp-content\/uploads\/2023\/09\/lordaenima_a_drone_view_of_a_castle_4644f296-d275-43fb-b48b-e48990c57bd3.png 1024w, https:\/\/droneded\u00f4me.fr\/wp-content\/uploads\/2023\/09\/lordaenima_a_drone_view_of_a_castle_4644f296-d275-43fb-b48b-e48990c57bd3-300x300.png 300w, https:\/\/droneded\u00f4me.fr\/wp-content\/uploads\/2023\/09\/lordaenima_a_drone_view_of_a_castle_4644f296-d275-43fb-b48b-e48990c57bd3-150x150.png 150w, https:\/\/droneded\u00f4me.fr\/wp-content\/uploads\/2023\/09\/lordaenima_a_drone_view_of_a_castle_4644f296-d275-43fb-b48b-e48990c57bd3-768x768.png 768w\" sizes=\"auto, (max-width: 1024px) 100vw, 1024px\" \/><\/figure>\n\n\n\n<p class=\"has-text-align-center\">patrimoine historique<\/p>\n<\/div>\n\n\n\n<div class=\"wp-block-column is-layout-flow wp-block-column-is-layout-flow\" style=\"padding-right:var(--wp--preset--spacing--20);padding-left:var(--wp--preset--spacing--20);font-size:9px;flex-basis:50%\">\n<p class=\"has-text-align-center has-foreground-color has-text-color\">\u00c9levez vos \u00e9v\u00e9nements \u00e0 un niveau sup\u00e9rieur gr\u00e2ce aux prises de vues par drone, une technologie captivante qui apporte une dimension unique \u00e0 vos \u00e9v\u00e9nements priv\u00e9s et d&rsquo;entreprise. Que ce soit pour des f\u00eates, des lancements de produits ou des conf\u00e9rences, les prises de vues a\u00e9riennes offertes par les drones cr\u00e9ent des souvenirs m\u00e9morables et ajoutent une touche de sophistication. D\u00e9couvrez les avantages exceptionnels de l&rsquo;utilisation de drones pour capturer vos moments sp\u00e9ciaux :<\/p>\n\n\n\n<ul class=\"wp-block-list has-foreground-color has-text-color\">\n<li><strong>Vues panoramiques spectaculaires :<\/strong> Les prises de vues a\u00e9riennes par drone permettent de capturer des images et des vid\u00e9os sous des angles impossibles \u00e0 atteindre autrement. Vous pouvez ainsi immortaliser vos \u00e9v\u00e9nements dans leur int\u00e9gralit\u00e9, en mettant en avant l&rsquo;ampleur et la beaut\u00e9 de votre lieu et de vos d\u00e9corations.<\/li>\n\n\n\n<li><strong>Mise en sc\u00e8ne originale :<\/strong> Les prises de vues par drone ajoutent une touche cin\u00e9matographique \u00e0 vos \u00e9v\u00e9nements. Des plans a\u00e9riens fluides et artistiques cr\u00e9ent une atmosph\u00e8re unique et captivante, mettant en valeur la cr\u00e9ativit\u00e9 de votre \u00e9v\u00e9nement et capturant l&rsquo;attention de vos invit\u00e9s.<\/li>\n\n\n\n<li><strong>Souvenirs inoubliables :<\/strong> Les images et les vid\u00e9os par drone immortalisent vos \u00e9v\u00e9nements d&rsquo;une mani\u00e8re saisissante et m\u00e9morable. Vous pouvez revivre les moments forts de l&rsquo;\u00e9v\u00e9nement encore et encore, tout en partageant ces souvenirs avec vos invit\u00e9s et vos clients.<\/li>\n\n\n\n<li><strong>Promotion et visibilit\u00e9 :<\/strong> Pour les \u00e9v\u00e9nements d&rsquo;entreprise, les prises de vues par drone fournissent des contenus visuels \u00e9poustouflants pour votre marketing. Les vid\u00e9os promotionnelles et les photos a\u00e9riennes sont id\u00e9ales pour promouvoir vos produits, services ou valeurs d&rsquo;entreprise.<\/li>\n\n\n\n<li><strong>Impression visuelle :<\/strong> Les prises de vues a\u00e9riennes ajoutent une dimension visuelle impressionnante \u00e0 vos pr\u00e9sentations et discours lors d&rsquo;\u00e9v\u00e9nements. Elles renforcent la cr\u00e9dibilit\u00e9 et l&rsquo;impact de vos messages, captivant l&rsquo;auditoire et le laissant avec une impression durable.<\/li>\n\n\n\n<li><strong>Flexibilit\u00e9 cr\u00e9ative :<\/strong> Les drones offrent une flexibilit\u00e9 cr\u00e9ative incroyable. Du survol majestueux de vos convives \u00e0 des prises de vues dynamiques pendant les performances, les drones vous permettent d&rsquo;explorer une vari\u00e9t\u00e9 de perspectives pour raconter votre histoire de mani\u00e8re unique.<\/li>\n\n\n\n<li><strong>Effet \u00ab wow \u00bb garanti :<\/strong> Les prises de vues a\u00e9riennes suscitent l&rsquo;\u00e9merveillement et l&rsquo;\u00e9tonnement chez vos invit\u00e9s. L&rsquo;aspect novateur et captivant des drones ajoute une dose d&rsquo;excitation \u00e0 vos \u00e9v\u00e9nements, laissant une impression durable sur chacun.<\/li>\n<\/ul>\n\n\n\n<h4 class=\"wp-block-heading has-text-align-center has-foreground-color has-text-color\"><strong>Domaines d&rsquo;intervention<\/strong><\/h4>\n\n\n\n<ul class=\"wp-block-list has-foreground-color has-text-color\">\n<li>Valoriser le patrimoine culturel et touristique<\/li>\n\n\n\n<li>vendre un bien immobilier <\/li>\n\n\n\n<li>pr\u00e9senter un site professionnel, une entreprise<\/li>\n\n\n\n<li>promouvoir une manifestation ,une activit\u00e9, un sport, une association<\/li>\n\n\n\n<li>filmer un \u00e9v\u00e9nement<\/li>\n\n\n\n<li>suivre un chantier<\/li>\n\n\n\n<li>m\u00e9dias<\/li>\n<\/ul>\n<\/div>\n<\/div>\n\n\n\n<p><\/p>\n\n\n\n<p><\/p>\n\n\n\n<p><\/p>\n","protected":false},"excerpt":{"rendered":"<p>Photos &amp; Vid\u00e9os patrimoine forets patrimoine historique \u00c9levez vos \u00e9v\u00e9nements \u00e0 un niveau sup\u00e9rieur gr\u00e2ce aux prises de vues par drone, une technologie captivante qui apporte une dimension unique \u00e0 vos \u00e9v\u00e9nements priv\u00e9s et d&rsquo;entreprise. Que ce soit pour des f\u00eates, des lancements de produits ou des conf\u00e9rences, les prises de vues a\u00e9riennes offertes par [&hellip;]<\/p>\n","protected":false},"author":1,"featured_media":0,"parent":0,"menu_order":0,"comment_status":"closed","ping_status":"closed","template":"","meta":{"footnotes":""},"class_list":["post-33","page","type-page","status-publish","hentry"],"_links":{"self":[{"href":"https:\/\/droneded\u00f4me.fr\/index.php\/wp-json\/wp\/v2\/pages\/33","targetHints":{"allow":["GET"]}}],"collection":[{"href":"https:\/\/droneded\u00f4me.fr\/index.php\/wp-json\/wp\/v2\/pages"}],"about":[{"href":"https:\/\/droneded\u00f4me.fr\/index.php\/wp-json\/wp\/v2\/types\/page"}],"author":[{"embeddable":true,"href":"https:\/\/droneded\u00f4me.fr\/index.php\/wp-json\/wp\/v2\/users\/1"}],"replies":[{"embeddable":true,"href":"https:\/\/droneded\u00f4me.fr\/index.php\/wp-json\/wp\/v2\/comments?post=33"}],"version-history":[{"count":20,"href":"https:\/\/droneded\u00f4me.fr\/index.php\/wp-json\/wp\/v2\/pages\/33\/revisions"}],"predecessor-version":[{"id":736,"href":"https:\/\/droneded\u00f4me.fr\/index.php\/wp-json\/wp\/v2\/pages\/33\/revisions\/736"}],"wp:attachment":[{"href":"https:\/\/droneded\u00f4me.fr\/index.php\/wp-json\/wp\/v2\/media?parent=33"}],"curies":[{"name":"wp","href":"https:\/\/api.w.org\/{rel}","templated":true}]}}